{"id":139,"date":"2024-10-08T11:08:13","date_gmt":"2024-10-08T11:08:13","guid":{"rendered":"https:\/\/www.tvbondage.com\/checkout\/transaction-failed\/"},"modified":"2024-10-08T11:08:13","modified_gmt":"2024-10-08T11:08:13","slug":"transaction-failed","status":"publish","type":"page","link":"https:\/\/www.tvbondage.com\/es\/checkout\/transaction-failed\/","title":{"rendered":"Transacci\u00f3n fallida"},"content":{"rendered":"<p>Su transacci\u00f3n fall\u00f3; por favor intente nuevamente o comun\u00edquese con el soporte del sitio.<\/p>","protected":false},"excerpt":{"rendered":"<p>Su transacci\u00f3n fall\u00f3; por favor intente nuevamente o comun\u00edquese con el soporte del sitio.<\/p>","protected":false},"author":1,"featured_media":0,"parent":137,"menu_order":0,"comment_status":"closed","ping_status":"closed","template":"","meta":{"footnotes":""},"class_list":["post-139","page","type-page","status-publish","hentry"],"_links":{"self":[{"href":"https:\/\/www.tvbondage.com\/es\/wp-json\/wp\/v2\/pages\/139","targetHints":{"allow":["GET"]}}],"collection":[{"href":"https:\/\/www.tvbondage.com\/es\/wp-json\/wp\/v2\/pages"}],"about":[{"href":"https:\/\/www.tvbondage.com\/es\/wp-json\/wp\/v2\/types\/page"}],"author":[{"embeddable":true,"href":"https:\/\/www.tvbondage.com\/es\/wp-json\/wp\/v2\/users\/1"}],"replies":[{"embeddable":true,"href":"https:\/\/www.tvbondage.com\/es\/wp-json\/wp\/v2\/comments?post=139"}],"version-history":[{"count":0,"href":"https:\/\/www.tvbondage.com\/es\/wp-json\/wp\/v2\/pages\/139\/revisions"}],"up":[{"embeddable":true,"href":"https:\/\/www.tvbondage.com\/es\/wp-json\/wp\/v2\/pages\/137"}],"wp:attachment":[{"href":"https:\/\/www.tvbondage.com\/es\/wp-json\/wp\/v2\/media?parent=139"}],"curies":[{"name":"wp","href":"https:\/\/api.w.org\/{rel}","templated":true}]}}