{"id":30,"date":"2023-03-08T13:10:55","date_gmt":"2023-03-08T13:10:55","guid":{"rendered":"https:\/\/www.tvbondage.com\/?page_id=30"},"modified":"2025-01-23T12:42:31","modified_gmt":"2025-01-23T12:42:31","slug":"home","status":"publish","type":"page","link":"https:\/\/www.tvbondage.com\/es\/","title":{"rendered":"Sissy Bondage Fotos y Videos: Crossdressing y Travesti Bondage Adventures por Domina Dita"},"content":{"rendered":"<h1 style=\"text-align: center;\"><span class=\"\">Bienvenido al destino definitivo para los entusiastas del bondage sissy, que presenta la cautivadora <a href=\"https:\/\/sissysusy.com\" target=\"_blank\" rel=\"noopener\"><strong>Mariquita Susy<\/strong><\/a> y la reconocida Maestra internacional, <a href=\"http:\/\/www.dominadita.com\" target=\"_blank\" rel=\"noopener\"><span style=\"color: #ff0000;\">Domina Dita<\/span><\/a>Sum\u00e9rgete en un mundo de situaciones de travestismo y esclavitud travesti, donde Sissy Susy se encuentra atada, amordazada e indefensa bajo el control de su experta Ama.<\/span><\/h1>\n<div style=\"width: 680px;\" class=\"wp-video\"><video class=\"wp-video-shortcode\" id=\"video-30-1\" width=\"680\" height=\"383\" autoplay preload=\"metadata\" controls=\"controls\"><source type=\"video\/mp4\" src=\"https:\/\/www.tvbondage.com\/wp-content\/uploads\/2023\/03\/09-30-TVBondage.mp4?_=1\" \/><a href=\"https:\/\/www.tvbondage.com\/wp-content\/uploads\/2023\/03\/09-30-TVBondage.mp4\">https:\/\/www.tvbondage.com\/wp-content\/uploads\/2023\/03\/09-30-TVBondage.mp4<\/a><\/video><\/div>\n<h4 style=\"text-align: center;\">&quot;Sexy CD y TV Bondage con Sissy Susy y Domina Dita&quot;<\/h4>\n<h2 style=\"text-align: center;\"><span class=\"\">Explora nuestra extensa colecci\u00f3n de im\u00e1genes y videos de bondage de mariquitas, que muestran a la irresistible Sissy Susy, atada y amordazada sin poder hacer nada por la famosa Mistress. <a href=\"https:\/\/DominaDita.com\" target=\"_blank\" rel=\"noopener\"><span style=\"color: #ff0000;\">Domina Dita<\/span><\/a>Como ex alumna de la prestigiosa Escuela \u00c9lite y Exclusiva para Sissies (Sissy Training Academy), Sissy Maid Susy es una experta en el arte de la sumisi\u00f3n y la obediencia. <a href=\"https:\/\/www.tvbondage.com\/es\/category\/marie-maiden\/\">haga clic aqu\u00ed<\/a> Para ver nuestra exclusiva <a href=\"https:\/\/www.tvbondage.com\/es\/marie-maiden-bdsm-legend-sissy-susy-inspiration\/\">Mar\u00eda doncella<\/a> \u00a1Colecci\u00f3n de tributos y sum\u00e9rgete en el encanto eterno de la sumisi\u00f3n extrema y la feminizaci\u00f3n! <\/span><\/h2>\n<h5 style=\"text-align: center;\">&quot;Libera tus fantas\u00edas de servidumbre de mariquita&quot;<\/h5>\n<p>&nbsp;<\/p>\n<div id=\"attachment_268\" style=\"width: 1034px\" class=\"wp-caption alignnone\"><a href=\"https:\/\/www.tvbondage.com\/es\/custom-videos\/\" target=\"_blank\" rel=\"noopener\"><img decoding=\"async\" aria-describedby=\"caption-attachment-268\"  class=\"wp-image-268 size-large\" src=\"data:image\/gif,GIF89a%01%00%01%00%80%00%00%00%00%00%FF%FF%FF%21%F9%04%01%00%00%00%00%2C%00%00%00%00%01%00%01%00%00%02%01D%00%3B\" data-layzr=\"https:\/\/www.tvbondage.com\/wp-content\/uploads\/2025\/01\/Banner-Custom-Videos-1024x576.jpg\" alt=\"A promotional banner for TV Bondage custom videos, featuring sissies and crossdressers in various bondage scenarios. The central text reads 'We Make Custom Videos' in Spanish, English, and German, surrounded by images of elegant restraint and feminization.\" width=\"1024\" height=\"576\" \/><\/a><p id=\"caption-attachment-268\" class=\"wp-caption-text\">V\u00eddeos personalizados de TV Bondage \u2013 Tu fantas\u00eda, nuestra creaci\u00f3n.<\/p><\/div>\n<p>&nbsp;<\/p>\n<h3 style=\"text-align: center;\"><span class=\"\">Disfrute de una amplia variedad de escenarios de bondage y SM con travestis, mariquitas y t-girls en situaciones reales y duras de bondage. Nuestro contenido incluye:<\/span><\/h3>\n<ul class=\"list-disc list-outside\" style=\"text-align: center;\">\n<li style=\"text-align: left;\"><span class=\"\">Cuerda, cinta adhesiva, cinta m\u00e9dica, envoltura veterinaria, cinturones, bridas, mordazas de cuero y mordazas<\/span><\/li>\n<li style=\"text-align: left;\"><span class=\"\">TCC, castidad, BDSM extremo y duro y tortura<\/span><\/li>\n<li style=\"text-align: left;\"><span class=\"\">Nalgadas, azotes, cosquillas, cera y bastinado<\/span><\/li>\n<li style=\"text-align: left;\">Tacones altos, cors\u00e9, medias de nailon, maquillaje, u\u00f1as largas, rejilla, cuero y m\u00e1s.<\/li>\n<li style=\"text-align: left;\">Homenaje a la <a href=\"https:\/\/www.tvbondage.com\/es\/category\/marie-maiden\/\">Mar\u00eda doncella<\/a>:La leyenda olvidada del BDSM y el travestismo<\/li>\n<li style=\"text-align: left;\">Homenaje a <a href=\"https:\/\/www.tvbondage.com\/es\/category\/series\/hunnyb\/\">hunnyb<\/a> con emocionantes videos de bondage<\/li>\n<li style=\"text-align: left;\"><span class=\"\">V\u00eddeos y fotos de sexo anal, mamadas, pegging y castidad<\/span><\/li>\n<\/ul>\n<h3 style=\"text-align: center;\"><span class=\"\">Descubre el apasionante mundo del bondage sissy y da rienda suelta a tus fantas\u00edas m\u00e1s profundas con nuestro contenido exclusivo. \u00danete a nosotros ahora y experimenta el cautivador encanto de Sissy Susy y <span style=\"color: #ff0000;\">La dominatrix Dita<\/span> aventuras de esclavitud.<\/span><\/h3>\n<h6 style=\"text-align: center;\"><a href=\"https:\/\/www.tvbondage.com\/es\/category\/bondage\/\"><span class=\"\">Esclavitud de mariquita -\u00a0<\/span><\/a><a href=\"https:\/\/www.tvbondage.com\/es\/category\/sissy\/\"><span class=\"\">travestismo -\u00a0<\/span><\/a><a href=\"https:\/\/www.tvbondage.com\/es\/category\/sissy\/\"><span class=\"\">Travesti -\u00a0<\/span><\/a><a href=\"https:\/\/www.tvbondage.com\/es\/category\/bondage\/\"><span class=\"\">Aventuras de servidumbre -\u00a0<\/span><\/a><a href=\"https:\/\/www.tvbondage.com\/es\/category\/sissy\/\"><span class=\"\">mariquita susy-\u00a0<\/span><\/a><a href=\"http:\/\/www.dominadita.com\" target=\"_blank\" rel=\"noopener\"><span class=\"\">Domina Dita -\u00a0<\/span><\/a><a href=\"https:\/\/www.tvbondage.com\/es\/category\/bondage\/\"><span class=\"\">Esclavitud de CD y TV \u2013\u00a0<\/span><\/a><a href=\"http:\/\/www.escuelaparasissies.com\" target=\"_blank\" rel=\"noopener\"><span class=\"\">Escuela \u00c9lite y Exclusiva para Sissies \u2013\u00a0<\/span><\/a><a href=\"https:\/\/www.tvbondage.com\/es\/category\/bondage\/\"><span class=\"\">Soga -\u00a0<\/span><\/a><a href=\"https:\/\/www.tvbondage.com\/es\/category\/gag\/\"><span class=\"\">Cinta adhesiva -\u00a0<\/span><\/a><a href=\"https:\/\/www.tvbondage.com\/es\/category\/bondage\/\"><span class=\"\">Cinta m\u00e9dica -\u00a0<\/span><\/a><a href=\"https:\/\/www.tvbondage.com\/es\/category\/bondage\/\"><span class=\"\">envoltura veterinaria -\u00a0<\/span><\/a><a href=\"https:\/\/www.tvbondage.com\/es\/category\/bondage\/\"><span class=\"\">cinturones -\u00a0<\/span><\/a><a href=\"https:\/\/www.tvbondage.com\/es\/category\/bondage\/\"><span class=\"\">lazos de cremallera -\u00a0<\/span><\/a><a href=\"https:\/\/www.tvbondage.com\/es\/category\/gag\/\"><span class=\"\">mordazas de cuero -\u00a0<\/span><\/a><a href=\"https:\/\/www.tvbondage.com\/es\/category\/gag\/\"><span class=\"\">Ballgags -\u00a0<\/span><\/a><a href=\"https:\/\/www.tvbondage.com\/es\/category\/cbt\/\"><span class=\"\">TCC \u2013\u00a0<\/span><\/a><a href=\"https:\/\/www.tvbondage.com\/es\/category\/bondage\/\"><span class=\"\">BDSM-\u00a0<\/span><\/a><a href=\"https:\/\/www.tvbondage.com\/es\/category\/chastity\/\">Castidad<span class=\"\"> \u2013\u00a0<\/span><\/a><a href=\"https:\/\/www.tvbondage.com\/es\/category\/torture\/\"><span class=\"\">Tortura -\u00a0<\/span><\/a><a href=\"https:\/\/www.tvbondage.com\/es\/category\/spanking\/\"><span class=\"\">Nalgadas -\u00a0<\/span><\/a><a href=\"https:\/\/www.tvbondage.com\/es\/category\/spanking\/\"><span class=\"\">azotes -\u00a0<\/span><\/a><a href=\"https:\/\/www.tvbondage.com\/es\/category\/torture\/\"><span class=\"\">Cosquillas -\u00a0<\/span><\/a><a href=\"https:\/\/www.tvbondage.com\/es\/category\/torture\/\"><span class=\"\">cera -\u00a0<\/span><\/a><a href=\"https:\/\/www.tvbondage.com\/es\/category\/spanking\/\"><span class=\"\">bastinado-\u00a0<\/span><\/a><a href=\"https:\/\/www.tvbondage.com\/es\/category\/anal\/\"><span class=\"\">sexo anal -\u00a0<\/span><\/a><a href=\"https:\/\/www.tvbondage.com\/es\/category\/pegging\/\"><span class=\"\">Vinculaci\u00f3n -\u00a0<\/span><\/a><a href=\"https:\/\/www.tvbondage.com\/es\/category\/chastity\/\"><span class=\"\">v\u00eddeos de castidad \u2013\u00a0<\/span><\/a><a href=\"https:\/\/www.tvbondage.com\/es\/marie-maiden-bdsm-legend-sissy-susy-inspiration\/\"><span class=\"\">Fotos de castidad \u2013 Marie Maiden<\/span><\/a><\/h6>\n<h2 class=\"wp-block-heading\" style=\"text-align: center;\">Nuevos v\u00eddeos<br \/>\n<div class=\"psacp-wrap psacp-slider-wrap-main\">\r\n\t<div id=\"psacp-post-slider-wrap-1\" class=\"psacp-post-slider-wrap owl-carousel psacp-design-1  psacp-clearfix\" data-conf=\"{&quot;loop&quot;:true,&quot;arrows&quot;:true,&quot;dots&quot;:true,&quot;autoplay&quot;:true,&quot;autoplay_interval&quot;:5000,&quot;speed&quot;:500,&quot;rtl&quot;:false}\"><div class=\"psacp-post-slide psacp-post-254 psacp-post-standard psacp-has-thumb\">\r\n\t<div class=\"psacp-post-slider-content\">\r\n\t\t<a class=\"psacp-post-linkoverlay\" href=\"https:\/\/www.tvbondage.com\/es\/sissy-susy-maiden-brings-hunnybs-fantasy-to-life-in-fantasia-sissy-1\/\"><\/a>\r\n\t\t<div class=\"psacp-post-img-bg\" style=\"background-image:url(https:\/\/www.tvbondage.com\/wp-content\/uploads\/2025\/01\/Fantasis-sissy-1-Portada-1024x576.jpg); height:500px;\">\r\n\t\t\t<div class=\"psacp-featured-meta\">\r\n\t\t\t\t\t\t\t\r\n\t\t\t\t<h2 class=\"psacp-post-title\">\r\n\t\t\t\t\t<a href=\"https:\/\/www.tvbondage.com\/es\/sissy-susy-maiden-brings-hunnybs-fantasy-to-life-in-fantasia-sissy-1\/\">Sissy Susy Maiden da vida a la fantas\u00eda de HunnyB en \u201cFantas\u00eda Sissy Vol. 1\u201d<\/a>\r\n\t\t\t\t<\/h2>\r\n\r\n\t\t\t\t\t\t\t<\/div>\r\n\t\t<\/div>\r\n\t<\/div>\r\n<\/div><div class=\"psacp-post-slide psacp-post-239 psacp-post-standard psacp-has-thumb\">\r\n\t<div class=\"psacp-post-slider-content\">\r\n\t\t<a class=\"psacp-post-linkoverlay\" href=\"https:\/\/www.tvbondage.com\/es\/zona-vip-vol-2-sissy-susy-in-action-the-ultimate-vip-bdsm-experience-in-luxury\/\"><\/a>\r\n\t\t<div class=\"psacp-post-img-bg\" style=\"background-image:url(https:\/\/www.tvbondage.com\/wp-content\/uploads\/2024\/12\/The-Thrilling-Continuation-of-Susys-VIP-Adventure-1024x500.jpg); height:500px;\">\r\n\t\t\t<div class=\"psacp-featured-meta\">\r\n\t\t\t\t\t\t\t\r\n\t\t\t\t<h2 class=\"psacp-post-title\">\r\n\t\t\t\t\t<a href=\"https:\/\/www.tvbondage.com\/es\/zona-vip-vol-2-sissy-susy-in-action-the-ultimate-vip-bdsm-experience-in-luxury\/\">Zona VIP Vol.2: Sissy Susy en Acci\u00f3n \u2013 La Mejor Experiencia BDSM VIP de Lujo<\/a>\r\n\t\t\t\t<\/h2>\r\n\r\n\t\t\t\t\t\t\t<\/div>\r\n\t\t<\/div>\r\n\t<\/div>\r\n<\/div><div class=\"psacp-post-slide psacp-post-205 psacp-post-standard psacp-has-thumb\">\r\n\t<div class=\"psacp-post-slider-content\">\r\n\t\t<a class=\"psacp-post-linkoverlay\" href=\"https:\/\/www.tvbondage.com\/es\/sissy-susy-maiden-zona-vip-vol1\/\"><\/a>\r\n\t\t<div class=\"psacp-post-img-bg\" style=\"background-image:url(https:\/\/www.tvbondage.com\/wp-content\/uploads\/2024\/12\/Zona-VIP-Vol.1-Calentando-Motores-1-1024x498.jpg); height:500px;\">\r\n\t\t\t<div class=\"psacp-featured-meta\">\r\n\t\t\t\t\t\t\t\r\n\t\t\t\t<h2 class=\"psacp-post-title\">\r\n\t\t\t\t\t<a href=\"https:\/\/www.tvbondage.com\/es\/sissy-susy-maiden-zona-vip-vol1\/\">Zona VIP Vol. 1 \u2013 Encendiendo deseos: el debut de \u00e9lite de Sissy Susy Maiden en el BDSM<\/a>\r\n\t\t\t\t<\/h2>\r\n\r\n\t\t\t\t\t\t\t<\/div>\r\n\t\t<\/div>\r\n\t<\/div>\r\n<\/div><div class=\"psacp-post-slide psacp-post-178 psacp-post-standard psacp-has-thumb\">\r\n\t<div class=\"psacp-post-slider-content\">\r\n\t\t<a class=\"psacp-post-linkoverlay\" href=\"https:\/\/www.tvbondage.com\/es\/susy-maiden-vol-2-fetish-submission-in-bondage-a-sissy-maid-tribute-to-marie-maiden-in-feminization-bdsm\/\"><\/a>\r\n\t\t<div class=\"psacp-post-img-bg\" style=\"background-image:url(https:\/\/www.tvbondage.com\/wp-content\/uploads\/2024\/10\/susy-maiden-vol-2-1-1024x498.png); height:500px;\">\r\n\t\t\t<div class=\"psacp-featured-meta\">\r\n\t\t\t\t\t\t\t\r\n\t\t\t\t<h2 class=\"psacp-post-title\">\r\n\t\t\t\t\t<a href=\"https:\/\/www.tvbondage.com\/es\/susy-maiden-vol-2-fetish-submission-in-bondage-a-sissy-maid-tribute-to-marie-maiden-in-feminization-bdsm\/\">Susy Maiden Vol. 2 \u2013 Fetiche y sumisi\u00f3n en bondage | Un homenaje a Marie Maiden en Feminizaci\u00f3n y BDSM<\/a>\r\n\t\t\t\t<\/h2>\r\n\r\n\t\t\t\t\t\t\t<\/div>\r\n\t\t<\/div>\r\n\t<\/div>\r\n<\/div><div class=\"psacp-post-slide psacp-post-147 psacp-post-standard psacp-has-thumb\">\r\n\t<div class=\"psacp-post-slider-content\">\r\n\t\t<a class=\"psacp-post-linkoverlay\" href=\"https:\/\/www.tvbondage.com\/es\/susy-maidens-bdsm-tribute-to-marie-maiden-exclusive-sissy-bondage-and-feminization-video\/\"><\/a>\r\n\t\t<div class=\"psacp-post-img-bg\" style=\"background-image:url(https:\/\/www.tvbondage.com\/wp-content\/uploads\/2024\/10\/Portada-sissySusy-1024x682.jpg); height:500px;\">\r\n\t\t\t<div class=\"psacp-featured-meta\">\r\n\t\t\t\t\t\t\t\r\n\t\t\t\t<h2 class=\"psacp-post-title\">\r\n\t\t\t\t\t<a href=\"https:\/\/www.tvbondage.com\/es\/susy-maidens-bdsm-tribute-to-marie-maiden-exclusive-sissy-bondage-and-feminization-video\/\">Tributo BDSM de Susy Maiden a Marie Maiden: video exclusivo sobre sissy, bondage y feminizaci\u00f3n<\/a>\r\n\t\t\t\t<\/h2>\r\n\r\n\t\t\t\t\t\t\t<\/div>\r\n\t\t<\/div>\r\n\t<\/div>\r\n<\/div>\t<\/div>\r\n<\/div><\/h2>\n<h2 class=\"wp-block-heading\" style=\"text-align: center;\"><div class=\"button-center\"><a href=\"https:\/\/www.tvbondage.com\/es\/downloads\/\" target=\"_self\" class=\"buttons btn_green center\"><span class=\"left\">Descargas<\/span><\/a><\/div><\/h2>","protected":false},"excerpt":{"rendered":"<p>Bienvenido al destino definitivo para los entusiastas del bondage sissy, con la cautivadora Sissy Susy y la reconocida Domina Dita. Sum\u00e9rgete en un mundo de situaciones de esclavitud de travestismo y travestis, donde Sissy Susy se encuentra atada, amordazada e indefensa bajo el control de su h\u00e1bil Ama. \u201cSexy CD y TV Bondage con Sissy Susy y Domina Dita\u201d Explora nuestra extensa colecci\u00f3n de im\u00e1genes y videos de sissy bondage, que muestran a la irresistible Sissy Susy, impotentemente atada y amordazada por la famosa Mistress Domina Dita. Como alumna de la prestigiosa Escuela \u00c9lite y Exclusiva para Sissies (Sissy Training Academy), Sissy Maid Susy es <\/p>","protected":false},"author":1,"featured_media":267,"parent":0,"menu_order":0,"comment_status":"closed","ping_status":"closed","template":"","meta":{"footnotes":""},"class_list":["post-30","page","type-page","status-publish","has-post-thumbnail","hentry","has_thumb"],"_links":{"self":[{"href":"https:\/\/www.tvbondage.com\/es\/wp-json\/wp\/v2\/pages\/30","targetHints":{"allow":["GET"]}}],"collection":[{"href":"https:\/\/www.tvbondage.com\/es\/wp-json\/wp\/v2\/pages"}],"about":[{"href":"https:\/\/www.tvbondage.com\/es\/wp-json\/wp\/v2\/types\/page"}],"author":[{"embeddable":true,"href":"https:\/\/www.tvbondage.com\/es\/wp-json\/wp\/v2\/users\/1"}],"replies":[{"embeddable":true,"href":"https:\/\/www.tvbondage.com\/es\/wp-json\/wp\/v2\/comments?post=30"}],"version-history":[{"count":32,"href":"https:\/\/www.tvbondage.com\/es\/wp-json\/wp\/v2\/pages\/30\/revisions"}],"predecessor-version":[{"id":336,"href":"https:\/\/www.tvbondage.com\/es\/wp-json\/wp\/v2\/pages\/30\/revisions\/336"}],"wp:featuredmedia":[{"embeddable":true,"href":"https:\/\/www.tvbondage.com\/es\/wp-json\/wp\/v2\/media\/267"}],"wp:attachment":[{"href":"https:\/\/www.tvbondage.com\/es\/wp-json\/wp\/v2\/media?parent=30"}],"curies":[{"name":"wp","href":"https:\/\/api.w.org\/{rel}","templated":true}]}}